{"id":3560,"date":"2026-04-15T15:22:16","date_gmt":"2026-04-15T15:22:16","guid":{"rendered":"https:\/\/femaleleaders.com\/?page_id=3560"},"modified":"2026-04-15T15:22:16","modified_gmt":"2026-04-15T15:22:16","slug":"podminky-pouziti","status":"publish","type":"page","link":"https:\/\/femaleleaders.com\/cs\/podminky-pouziti\/","title":{"rendered":"Podm\u00ednky pou\u017eit\u00ed"},"content":{"rendered":"\n<p><strong>Stanovujeme standardy, respektujeme hranice. Na\u0161e obchodn\u00ed podm\u00ednky poskytuj\u00ed komplexn\u00ed r\u00e1mec, kter\u00fd zaji\u0161\u0165uje bezprobl\u00e9mov\u00fd z\u00e1\u017eitek pro v\u0161echny. Jsou pil\u00ed\u0159i na\u0161eho digit\u00e1ln\u00edho prostoru a udr\u017euj\u00ed rovnov\u00e1hu mezi kreativitou a respektem k individu\u00e1ln\u00edm pr\u00e1v\u016fm. Vstupte do na\u0161eho digit\u00e1ln\u00edho sv\u011bta s jistotou, \u017ee va\u0161e cesta je \u0159\u00edzena f\u00e9rov\u00fdmi pravidly, kter\u00e1 v\u00e1s stav\u00ed na prvn\u00ed m\u00edsto. Proto\u017ee zde je va\u0161e d\u016fv\u011bra na\u0161\u00edm nejv\u011bt\u0161\u00edm \u00fasp\u011bchem.<\/strong><\/p>\n\n\n\n<h3 class=\"wp-block-heading\">V\u0161eobecn\u00e9 obchodn\u00ed podm\u00ednky<\/h3>\n\n\n\n<p>V\u0161eobecn\u00e9 obchodn\u00ed podm\u00ednky pou\u017e\u00edv\u00e1n\u00ed tohoto webu. Tyto podm\u00ednky internetov\u00e9ho obchodu 2023.startupdisrupt.com byly sestaveny na z\u00e1klad\u011b z\u00e1kona o ochran\u011b spot\u0159ebitele a doporu\u010den\u00ed Hospod\u00e1\u0159sk\u00e9 komory \u010cesk\u00e9 republiky a mezin\u00e1rodn\u00edch pravidel pro internetov\u00fd prodej.<\/p>\n\n\n\n<h3 class=\"wp-block-heading\">Informace o spole\u010dnosti<\/h3>\n\n\n\n<p>Startup Disrupt, s. r. o.<br><br>Rybn\u00e1 716\/24<br><br>110 00 Praha 1<br><br>\u010cesk\u00e1 republika<br><br>I\u010cO: 05937060<br><br>DI\u010c: CZ05937060<br><br>zapsan\u00e1 pod sp. zn. C 273346 veden\u00e1 u M\u011bstsk\u00e9ho soudu v Praze<br><br>kontakt: hello@2023.startupdisrupt.com<\/p>\n\n\n\n<p>Online obchod 2023.startupdisrupt.com (d\u00e1le jen \u201ee-shop\u201c) provozuje spole\u010dnost LXVI, s. r. o. (d\u00e1le jen \u201eposkytovatel\u201c). Tyto podm\u00ednky upravuj\u00ed provoz e-shopu, pr\u00e1va u\u017eivatel\u016f a obchodn\u00ed vztah mezi poskytovatelem a z\u00e1kazn\u00edkem.<\/p>\n\n\n\n<h3 class=\"wp-block-heading\">Dostupnost informac\u00ed<\/h3>\n\n\n\n<p>Poskytovatel se zavazuje poskytovat z\u00e1kazn\u00edkovi tyto informace:<\/p>\n\n\n\n<ul class=\"wp-block-list\">\n<li>identitu spole\u010dnosti (n\u00e1zev, s\u00eddlo, I\u010cO),<\/li>\n\n\n\n<li>kontaktn\u00ed \u00fadaje pro rychlou komunikaci (e-mail, telefon),<\/li>\n\n\n\n<li>hlavn\u00ed vlastnosti produkt\u016f nebo slu\u017eeb,<\/li>\n\n\n\n<li>dostupnost produkt\u016f,<\/li>\n\n\n\n<li>podm\u00ednky dod\u00e1n\u00ed (zp\u016fsob, m\u00edsto, term\u00edn),<\/li>\n\n\n\n<li>jasn\u011b stanoven\u00e9 ceny v\u010detn\u011b DPH a dopravy,<\/li>\n\n\n\n<li>zp\u016fsoby platby a dopravy,<\/li>\n\n\n\n<li>platnost nab\u00eddky,<\/li>\n\n\n\n<li>podm\u00ednky odstoupen\u00ed od smlouvy,<\/li>\n\n\n\n<li>postup reklamace.<\/li>\n<\/ul>\n\n\n\n<h3 class=\"wp-block-heading\">Nab\u00eddka produkt\u016f<\/h3>\n\n\n\n<p>Produkty jsou pravideln\u011b aktualizov\u00e1ny. Sna\u017e\u00edme se udr\u017eovat informace p\u0159esn\u00e9, p\u0159\u00edpadn\u00e9 chyby n\u00e1m m\u016f\u017eete nahl\u00e1sit na hello@2023.startupdisrupt.com. Nedostupnost je v\u017edy uvedena.<\/p>\n\n\n\n<h3 class=\"wp-block-heading\">Zp\u016fsoby platby<\/h3>\n\n\n\n<ul class=\"wp-block-list\">\n<li>bezhotovostn\u00ed platba kartou<\/li>\n<\/ul>\n\n\n\n<h3 class=\"wp-block-heading\">Objedn\u00e1vka<\/h3>\n\n\n\n<p>Kupn\u00ed smlouva vznik\u00e1 potvrzen\u00edm objedn\u00e1vky e-mailem. Od t\u00e9 chv\u00edle jsou ceny z\u00e1vazn\u00e9. Z\u00e1kazn\u00edk je osoba, kter\u00e1 vypln\u00ed objedn\u00e1vku. Zm\u011bny \u00fadaj\u016f po odesl\u00e1n\u00ed nejsou mo\u017en\u00e9.<\/p>\n\n\n\n<p>Objedn\u00e1vka je ulo\u017eena elektronicky a z\u00e1kazn\u00edk obdr\u017e\u00ed fakturu.<\/p>\n\n\n\n<h3 class=\"wp-block-heading\">Odesl\u00e1n\u00ed objedn\u00e1vky<\/h3>\n\n\n\n<ul class=\"wp-block-list\">\n<li>produkt vlo\u017e\u00edte do ko\u0161\u00edku,<\/li>\n\n\n\n<li>vypln\u00edte \u00fadaje a adresu,<\/li>\n\n\n\n<li>zvol\u00edte dopravu a platbu,<\/li>\n\n\n\n<li>potvrd\u00edte objedn\u00e1vku.<\/li>\n<\/ul>\n\n\n\n<p>Zm\u011bna objedn\u00e1vky je mo\u017en\u00e1 do 15 minut p\u0159es odkaz v e-mailu.<\/p>\n\n\n\n<h3 class=\"wp-block-heading\">Ceny<\/h3>\n\n\n\n<p>Ceny jsou uvedeny v\u010detn\u011b DPH a plat\u00ed v okam\u017eiku objedn\u00e1vky.<\/p>\n\n\n\n<h3 class=\"wp-block-heading\">Odstoupen\u00ed od smlouvy<\/h3>\n\n\n\n<p>Z\u00e1kazn\u00edk m\u00e1 pr\u00e1vo odstoupit od smlouvy do 14 dn\u016f bez ud\u00e1n\u00ed d\u016fvodu.<\/p>\n\n\n\n<ul class=\"wp-block-list\">\n<li>lh\u016fta za\u010d\u00edn\u00e1 dnem p\u0159evzet\u00ed zbo\u017e\u00ed,<\/li>\n\n\n\n<li>zbo\u017e\u00ed mus\u00ed b\u00fdt vr\u00e1ceno do 14 dn\u016f,<\/li>\n\n\n\n<li>n\u00e1klady na vr\u00e1cen\u00ed nese z\u00e1kazn\u00edk.<\/li>\n<\/ul>\n\n\n\n<p>Vr\u00e1cen\u00ed pen\u011bz prob\u011bhne nejpozd\u011bji do 14 dn\u016f.<\/p>\n\n\n\n<h3 class=\"wp-block-heading\">Reklamace (vada zbo\u017e\u00ed)<\/h3>\n\n\n\n<p>Vada existuje, pokud:<\/p>\n\n\n\n<ul class=\"wp-block-list\">\n<li>zbo\u017e\u00ed nem\u00e1 b\u011b\u017en\u00e9 vlastnosti,<\/li>\n\n\n\n<li>neodpov\u00edd\u00e1 \u00fa\u010delu pou\u017eit\u00ed,<\/li>\n\n\n\n<li>neodpov\u00edd\u00e1 popisu,<\/li>\n\n\n\n<li>neodpov\u00edd\u00e1 vzorku.<\/li>\n<\/ul>\n\n\n\n<h3 class=\"wp-block-heading\">\u0158e\u0161en\u00ed spor\u016f<\/h3>\n\n\n\n<p>Poskytovatel se sna\u017e\u00ed \u0159e\u0161it spory sm\u00edrn\u011b. Z\u00e1kazn\u00edk m\u016f\u017ee kontaktovat hello@2023.startupdisrupt.com.<\/p>\n\n\n\n<h3 class=\"wp-block-heading\">Ochrana osobn\u00edch \u00fadaj\u016f<\/h3>\n\n\n\n<p>Podrobnosti naleznete v <a href=\"https:\/\/www.2023.startupdisrupt.com\/privacy-policy\/\">z\u00e1sad\u00e1ch ochrany osobn\u00edch \u00fadaj\u016f<\/a>.<\/p>\n\n\n\n<h3 class=\"wp-block-heading\">Pr\u00e1va u\u017eivatele<\/h3>\n\n\n\n<ul class=\"wp-block-list\">\n<li>pr\u00e1vo na p\u0159\u00edstup k \u00fadaj\u016fm,<\/li>\n\n\n\n<li>pr\u00e1vo na v\u00fdmaz,<\/li>\n\n\n\n<li>pr\u00e1vo na opravu,<\/li>\n\n\n\n<li>pr\u00e1vo na p\u0159enositelnost,<\/li>\n\n\n\n<li>pr\u00e1vo odvolat souhlas.<\/li>\n<\/ul>\n\n\n\n<p>Kontakt: hello@2023.startupdisrupt.com<\/p>\n\n\n\n<h3 class=\"wp-block-heading\">Komunikace<\/h3>\n\n\n\n<ul class=\"wp-block-list\">\n<li>zpr\u00e1vy budou ozna\u010deny jako reklama,<\/li>\n\n\n\n<li>odes\u00edlatel bude jasn\u011b uveden,<\/li>\n\n\n\n<li>mo\u017enost odhl\u00e1\u0161en\u00ed bude dostupn\u00e1.<\/li>\n<\/ul>\n\n\n\n<h3 class=\"wp-block-heading\">Fotografie a z\u00e1znamy<\/h3>\n\n\n\n<p>Na akc\u00edch mohou b\u00fdt po\u0159izov\u00e1ny fotografie a videa pro dokumentaci a marketing.<\/p>\n\n\n\n<h3 class=\"wp-block-heading\">Pr\u00e1vn\u00ed upozorn\u011bn\u00ed<\/h3>\n\n\n\n<p>Obsah webu je chr\u00e1n\u011bn autorsk\u00fdm pr\u00e1vem a nesm\u00ed b\u00fdt pou\u017eit bez souhlasu.<\/p>\n\n\n\n<h3 class=\"wp-block-heading\">Cookies<\/h3>\n\n\n\n<p>Cookies slou\u017e\u00ed ke zlep\u0161en\u00ed fungov\u00e1n\u00ed webu a u\u017eivatelsk\u00e9ho z\u00e1\u017eitku.<\/p>\n\n\n\n<p><strong>Pro\u010d cookies pou\u017e\u00edv\u00e1me?<\/strong><\/p>\n\n\n\n<ul class=\"wp-block-list\">\n<li>zrychlen\u00ed webu,<\/li>\n\n\n\n<li>zapamatov\u00e1n\u00ed preferenc\u00ed,<\/li>\n\n\n\n<li>anal\u00fdza n\u00e1v\u0161t\u011bvnosti.<\/li>\n<\/ul>\n\n\n\n<p><strong>Zak\u00e1z\u00e1n\u00ed cookies<\/strong><br><br>Cookies m\u016f\u017eete spravovat ve sv\u00e9m prohl\u00ed\u017ee\u010di.<\/p>\n","protected":false},"excerpt":{"rendered":"<p>Stanovujeme standardy, respektujeme hranice. Na\u0161e obchodn\u00ed podm\u00ednky poskytuj\u00ed komplexn\u00ed r\u00e1mec, kter\u00fd zaji\u0161\u0165uje bezprobl\u00e9mov\u00fd z\u00e1\u017eitek pro v\u0161echny. Jsou pil\u00ed\u0159i na\u0161eho digit\u00e1ln\u00edho prostoru a udr\u017euj\u00ed rovnov\u00e1hu mezi kreativitou a respektem k individu\u00e1ln\u00edm pr\u00e1v\u016fm. Vstupte do na\u0161eho digit\u00e1ln\u00edho sv\u011bta s jistotou, \u017ee va\u0161e cesta je \u0159\u00edzena f\u00e9rov\u00fdmi pravidly, kter\u00e1 v\u00e1s stav\u00ed na prvn\u00ed m\u00edsto. Proto\u017ee zde je va\u0161e [&hellip;]<\/p>\n","protected":false},"author":4,"featured_media":0,"parent":0,"menu_order":0,"comment_status":"closed","ping_status":"closed","template":"","meta":{"_acf_changed":false,"footnotes":""},"class_list":["post-3560","page","type-page","status-publish","hentry"],"acf":[],"_links":{"self":[{"href":"https:\/\/femaleleaders.com\/cs\/wp-json\/wp\/v2\/pages\/3560","targetHints":{"allow":["GET"]}}],"collection":[{"href":"https:\/\/femaleleaders.com\/cs\/wp-json\/wp\/v2\/pages"}],"about":[{"href":"https:\/\/femaleleaders.com\/cs\/wp-json\/wp\/v2\/types\/page"}],"author":[{"embeddable":true,"href":"https:\/\/femaleleaders.com\/cs\/wp-json\/wp\/v2\/users\/4"}],"replies":[{"embeddable":true,"href":"https:\/\/femaleleaders.com\/cs\/wp-json\/wp\/v2\/comments?post=3560"}],"version-history":[{"count":1,"href":"https:\/\/femaleleaders.com\/cs\/wp-json\/wp\/v2\/pages\/3560\/revisions"}],"predecessor-version":[{"id":3561,"href":"https:\/\/femaleleaders.com\/cs\/wp-json\/wp\/v2\/pages\/3560\/revisions\/3561"}],"wp:attachment":[{"href":"https:\/\/femaleleaders.com\/cs\/wp-json\/wp\/v2\/media?parent=3560"}],"curies":[{"name":"wp","href":"https:\/\/api.w.org\/{rel}","templated":true}]}}